{"id":283,"date":"2020-01-13T13:05:50","date_gmt":"2020-01-13T16:05:50","guid":{"rendered":"https:\/\/sspsicopedagogia.com.br\/blog\/?page_id=283"},"modified":"2020-08-22T11:16:22","modified_gmt":"2020-08-22T14:16:22","slug":"destaques","status":"publish","type":"page","link":"https:\/\/sspsicopedagogia.com.br\/blog\/destaques\/","title":{"rendered":"Destaques"},"content":{"rendered":"<div class=\"pt-cv-wrapper\"><div class=\"pt-cv-view pt-cv-grid pt-cv-colsys\" id=\"pt-cv-view-4db0bdf15i\"><div data-id=\"pt-cv-page-1\" class=\"pt-cv-page\" data-cvc=\"3\"><div class=\"col-md-4 col-sm-4 col-xs-12 pt-cv-content-item pt-cv-1-col\" ><div class='pt-cv-ifield'><a href=\"https:\/\/sspsicopedagogia.com.br\/blog\/atividade-o-assassinato-da-ortografia\/\" class=\"_blank pt-cv-href-thumbnail pt-cv-thumb-default\" target=\"_blank\" ><img width=\"300\" height=\"150\" src=\"https:\/\/sspsicopedagogia.com.br\/blog\/wp-content\/uploads\/2021\/01\/psicopppesquisando-300x150.jpg\" class=\"pt-cv-thumbnail\" alt=\"\" loading=\"lazy\" \/><\/a>\n<h4 class=\"pt-cv-title\"><a href=\"https:\/\/sspsicopedagogia.com.br\/blog\/atividade-o-assassinato-da-ortografia\/\" class=\"_blank\" target=\"_blank\" >Atividade: O Assassinato da Ortografia<\/a><\/h4>\n<div class=\"pt-cv-content\">Objetivos para uso no Diagn\u00f3stico: Identificar o dom\u00ednio do aprendente com rela\u00e7\u00e3o \u00e0 l\u00edngua portuguesa.Avaliar a capacidade de aten\u00e7\u00e3o do ...<br \/><div class=\"pt-cv-rmwrap\"><a href=\"https:\/\/sspsicopedagogia.com.br\/blog\/atividade-o-assassinato-da-ortografia\/\" class=\"_blank pt-cv-readmore btn btn-success\" target=\"_blank\">Leia Mais<\/a><\/div><\/div><\/div><\/div>\n<div class=\"col-md-4 col-sm-4 col-xs-12 pt-cv-content-item pt-cv-1-col\" ><div class='pt-cv-ifield'><a href=\"https:\/\/sspsicopedagogia.com.br\/blog\/jean-piaget-40-anos-da-sua-morte-38-anos-de-parceria\/\" class=\"_blank pt-cv-href-thumbnail pt-cv-thumb-default\" target=\"_blank\" ><img width=\"300\" height=\"150\" src=\"https:\/\/sspsicopedagogia.com.br\/blog\/wp-content\/uploads\/2020\/09\/PIAGET-300x150.jpeg\" class=\"pt-cv-thumbnail\" alt=\"\" loading=\"lazy\" \/><\/a>\n<h4 class=\"pt-cv-title\"><a href=\"https:\/\/sspsicopedagogia.com.br\/blog\/jean-piaget-40-anos-da-sua-morte-38-anos-de-parceria\/\" class=\"_blank\" target=\"_blank\" >Jean Piaget &#8211; 40 anos da sua morte &#8211; 38 anos de parceria<\/a><\/h4>\n<div class=\"pt-cv-content\">Minha homenagem hoje, 16\/09\/2020, vai para o Psic\u00f3logo su\u00ed\u00e7o JEAN CLAUDE PIAGET no dia em que lembramos os 40 anos ...<br \/><div class=\"pt-cv-rmwrap\"><a href=\"https:\/\/sspsicopedagogia.com.br\/blog\/jean-piaget-40-anos-da-sua-morte-38-anos-de-parceria\/\" class=\"_blank pt-cv-readmore btn btn-success\" target=\"_blank\">Leia Mais<\/a><\/div><\/div><\/div><\/div>\n<div class=\"col-md-4 col-sm-4 col-xs-12 pt-cv-content-item pt-cv-1-col\" ><div class='pt-cv-ifield'><a href=\"https:\/\/sspsicopedagogia.com.br\/blog\/psicopedagoga-valorize-sua-trajetoria-escreva-sua-historia\/\" class=\"_blank pt-cv-href-thumbnail pt-cv-thumb-default\" target=\"_blank\" ><img width=\"300\" height=\"150\" src=\"https:\/\/sspsicopedagogia.com.br\/blog\/wp-content\/uploads\/2020\/09\/escolhas-4-300x150.jpg\" class=\"pt-cv-thumbnail\" alt=\"\" loading=\"lazy\" \/><\/a>\n<h4 class=\"pt-cv-title\"><a href=\"https:\/\/sspsicopedagogia.com.br\/blog\/psicopedagoga-valorize-sua-trajetoria-escreva-sua-historia\/\" class=\"_blank\" target=\"_blank\" >Psicopedagoga, valorize sua trajet\u00f3ria, escreva sua hist\u00f3ria<\/a><\/h4>\n<div class=\"pt-cv-content\">Qual \u00e9 a sua hist\u00f3ria na Psicopedagogia? Como chegou at\u00e9 aqui? Que marcas voc\u00ea traz da sua aprendizagem? Como voc\u00ea ...<br \/><div class=\"pt-cv-rmwrap\"><a href=\"https:\/\/sspsicopedagogia.com.br\/blog\/psicopedagoga-valorize-sua-trajetoria-escreva-sua-historia\/\" class=\"_blank pt-cv-readmore btn btn-success\" target=\"_blank\">Leia Mais<\/a><\/div><\/div><\/div><\/div><\/div><\/div><\/div>\n","protected":false},"excerpt":{"rendered":"","protected":false},"author":1,"featured_media":0,"parent":0,"menu_order":0,"comment_status":"closed","ping_status":"closed","template":"template-fullwidth.php","meta":[],"_links":{"self":[{"href":"https:\/\/sspsicopedagogia.com.br\/blog\/wp-json\/wp\/v2\/pages\/283"}],"collection":[{"href":"https:\/\/sspsicopedagogia.com.br\/blog\/wp-json\/wp\/v2\/pages"}],"about":[{"href":"https:\/\/sspsicopedagogia.com.br\/blog\/wp-json\/wp\/v2\/types\/page"}],"author":[{"embeddable":true,"href":"https:\/\/sspsicopedagogia.com.br\/blog\/wp-json\/wp\/v2\/users\/1"}],"replies":[{"embeddable":true,"href":"https:\/\/sspsicopedagogia.com.br\/blog\/wp-json\/wp\/v2\/comments?post=283"}],"version-history":[{"count":8,"href":"https:\/\/sspsicopedagogia.com.br\/blog\/wp-json\/wp\/v2\/pages\/283\/revisions"}],"predecessor-version":[{"id":410,"href":"https:\/\/sspsicopedagogia.com.br\/blog\/wp-json\/wp\/v2\/pages\/283\/revisions\/410"}],"wp:attachment":[{"href":"https:\/\/sspsicopedagogia.com.br\/blog\/wp-json\/wp\/v2\/media?parent=283"}],"curies":[{"name":"wp","href":"https:\/\/api.w.org\/{rel}","templated":true}]}}